{"id":96,"date":"2025-01-11T15:52:28","date_gmt":"2025-01-11T14:52:28","guid":{"rendered":"https:\/\/cassetjerem.com\/?page_id=96"},"modified":"2025-07-05T16:30:17","modified_gmt":"2025-07-05T14:30:17","slug":"logements","status":"publish","type":"page","link":"https:\/\/cassetjerem.com\/index.php\/logements\/","title":{"rendered":"Logements"},"content":{"rendered":"<p>[et_pb_section fb_built=&#8221;1&#8243; _builder_version=&#8221;4.27.4&#8243; _module_preset=&#8221;default&#8221; background_color=&#8221;gcid-2fd84173-f066-46c9-9daf-956878bd42d6&#8243; global_colors_info=&#8221;{%22gcid-2fd84173-f066-46c9-9daf-956878bd42d6%22:%91%22background_color%22%93}&#8221;][et_pb_row _builder_version=&#8221;4.27.4&#8243; _module_preset=&#8221;default&#8221; custom_margin=&#8221;|auto|20px|auto||&#8221; global_colors_info=&#8221;{}&#8221;][et_pb_column type=&#8221;4_4&#8243; _builder_version=&#8221;4.27.4&#8243; _module_preset=&#8221;default&#8221; global_colors_info=&#8221;{}&#8221;][et_pb_text _builder_version=&#8221;4.27.4&#8243; _module_preset=&#8221;default&#8221; text_orientation=&#8221;center&#8221; global_colors_info=&#8221;{}&#8221;]<\/p>\n<h1>O\u00f9 dormir ?<\/h1>\n<p>[\/et_pb_text][et_pb_text _builder_version=&#8221;4.27.4&#8243; _module_preset=&#8221;default&#8221; text_orientation=&#8221;center&#8221; width=&#8221;53%&#8221; width_tablet=&#8221;53%&#8221; width_phone=&#8221;90%&#8221; width_last_edited=&#8221;on|phone&#8221; module_alignment=&#8221;center&#8221; global_colors_info=&#8221;{}&#8221;]<\/p>\n<p>Pour que vous puissiez profiter pleinement du week-end dans ce cadre exceptionnel, nous avons privatis\u00e9 toutes les chambres du domaine, offrant ainsi plus de 70 couchages. <strong>Nous avons le plaisir de vous offrir l\u2019h\u00e9bergement sur site pour la nuit du samedi 2 au dimanche 3 ao\u00fbt<\/strong>, afin de prolonger ensemble cette f\u00eate dans un esprit de convivialit\u00e9.<\/p>\n<p>&nbsp;<\/p>\n<p>[\/et_pb_text][et_pb_text _builder_version=&#8221;4.27.4&#8243; _module_preset=&#8221;default&#8221; text_orientation=&#8221;center&#8221; width=&#8221;53%&#8221; width_tablet=&#8221;53%&#8221; width_phone=&#8221;90%&#8221; width_last_edited=&#8221;on|phone&#8221; module_alignment=&#8221;center&#8221; hover_enabled=&#8221;0&#8243; global_colors_info=&#8221;{%22gcid-secondary-color%22:%91%22text_text_color%22%93}&#8221; text_font=&#8221;|700|||||||&#8221; text_text_color=&#8221;gcid-secondary-color&#8221; sticky_enabled=&#8221;0&#8243;]<\/p>\n<p>Si vous dormez sur le Domaine, pensez simplement \u00e0 prendre du savon et votre serviette de douche ! Ainsi qu&#8217;une petite laine car les nuits sont fraiches. \ud83c\udf1b\u2728<\/p>\n<p>&nbsp;<\/p>\n<p>[\/et_pb_text][\/et_pb_column][\/et_pb_row][et_pb_row column_structure=&#8221;1_2,1_2&#8243; _builder_version=&#8221;4.27.4&#8243; _module_preset=&#8221;default&#8221; global_colors_info=&#8221;{}&#8221;][et_pb_column type=&#8221;1_2&#8243; _builder_version=&#8221;4.27.4&#8243; _module_preset=&#8221;default&#8221; global_colors_info=&#8221;{}&#8221;][et_pb_gallery gallery_ids=&#8221;113,91,112,117,114,116,215&#8243; fullwidth=&#8221;on&#8221; _builder_version=&#8221;4.27.4&#8243; _module_preset=&#8221;default&#8221; pagination_text_color=&#8221;#FFFFFF&#8221; background_layout=&#8221;dark&#8221; width=&#8221;89%&#8221; module_alignment=&#8221;center&#8221; global_colors_info=&#8221;{}&#8221;][\/et_pb_gallery][\/et_pb_column][et_pb_column type=&#8221;1_2&#8243; _builder_version=&#8221;4.27.4&#8243; _module_preset=&#8221;default&#8221; global_colors_info=&#8221;{}&#8221;][et_pb_text _builder_version=&#8221;4.27.4&#8243; _module_preset=&#8221;default&#8221; global_colors_info=&#8221;{}&#8221;]<\/p>\n<p>La majorit\u00e9 des couchages se trouvent dans des chambres accueillant entre 4 et 20 personnes. Nous avons pris soin de vous attribuer des espaces par affinit\u00e9s, en tenant compte au maximum de votre confort.<\/p>\n<p>Nous savons que partager une chambre peut \u00eatre inhabituel pour certains, mais nous voyons cela comme une belle opportunit\u00e9 de revivre un moment simple et chaleureux, \u00e0 l\u2019image de l\u2019esprit du Domaine. Nous sommes convaincus que cette exp\u00e9rience ajoutera une touche unique \u00e0 cette c\u00e9l\u00e9bration, cr\u00e9ant des souvenirs partag\u00e9s qui dureront bien au-del\u00e0 du week-end.<\/p>\n<p>[\/et_pb_text][et_pb_text _builder_version=&#8221;4.27.4&#8243; _module_preset=&#8221;default&#8221; global_colors_info=&#8221;{}&#8221;]<\/p>\n<p>Une fois arriv\u00e9s, <strong>aucune voiture ne sera n\u00e9cessaire dans le cadre du weekend<\/strong>, sauf si vous avez choisi de s\u00e9journer hors du Domaine. Dans ce cas, il vous sera indispensable d&#8217;avoir votre propre moyen de locomotion.<\/p>\n<p>[\/et_pb_text][\/et_pb_column][\/et_pb_row][\/et_pb_section][et_pb_section fb_built=&#8221;1&#8243; _builder_version=&#8221;4.27.4&#8243; _module_preset=&#8221;default&#8221; background_color=&#8221;gcid-2fd84173-f066-46c9-9daf-956878bd42d6&#8243; background_image=&#8221;https:\/\/cassetjerem.com\/wp-content\/uploads\/2024\/12\/elements-graphiques-newsletter-07.png&#8221; global_colors_info=&#8221;{%22gcid-2fd84173-f066-46c9-9daf-956878bd42d6%22:%91%22background_color%22%93}&#8221;][et_pb_row _builder_version=&#8221;4.27.4&#8243; _module_preset=&#8221;default&#8221; width=&#8221;50%&#8221; width_tablet=&#8221;85%&#8221; width_phone=&#8221;80%&#8221; width_last_edited=&#8221;on|phone&#8221; max_width_tablet=&#8221;&#8221; max_width_phone=&#8221;&#8221; max_width_last_edited=&#8221;on|phone&#8221; global_colors_info=&#8221;{}&#8221;][et_pb_column type=&#8221;4_4&#8243; _builder_version=&#8221;4.27.4&#8243; _module_preset=&#8221;default&#8221; global_colors_info=&#8221;{}&#8221;][et_pb_text _builder_version=&#8221;4.27.4&#8243; _module_preset=&#8221;default&#8221; global_colors_info=&#8221;{}&#8221;]<\/p>\n<h2>7 raisons de rester dormir avec nous au Domaine le samedi soir :<\/h2>\n<p>[\/et_pb_text][et_pb_text _builder_version=&#8221;4.27.4&#8243; _module_preset=&#8221;default&#8221; global_colors_info=&#8221;{}&#8221;]<\/p>\n<p><strong>1) <\/strong>Le Domaine \u00e9tant nich\u00e9 \u00e0 800m d&#8217;altitude, la route est tr\u00e8s sinueuse et non \u00e9clair\u00e9e la nuit.\u00a0<strong>Vous serez tranquilles et en s\u00e9curit\u00e9.<\/strong><\/p>\n<p><strong>2)<\/strong> <strong>Vos affaires sont d\u00e9j\u00e0 l\u00e0.<\/strong> Que ce soit pour vous changer ou pour un repos bien m\u00e9rit\u00e9 apr\u00e8s une soir\u00e9e m\u00e9morable (m\u00eame si on parie que vous serez les derniers sur la piste).<\/p>\n<p><strong>3)<\/strong> <strong>Un r\u00e9veil gourmand garanti.<\/strong> Imaginez commencer la journ\u00e9e du dimanche avec un brunch d\u00e9licieux \u00e0 quelques pas de votre lit. On s&#8217;occupe de tout, sauf de l&#8217;app\u00e9tit !<\/p>\n<p><strong>4)<\/strong> <strong>La libert\u00e9 de profiter \u00e0 fond.<\/strong> Laissez les cl\u00e9s de voiture et les contraintes derri\u00e8re vous : pas besoin de SAM ni d\u2019un horaire raisonnable pour partir.<\/p>\n<p><strong>5)<\/strong> <strong>Un week-end tout-en-un.<\/strong> Voyagez l\u00e9ger, oubliez la logistique, et concentrez-vous sur l\u2019essentiel : c\u00e9l\u00e9brer avec nous.<\/p>\n<p><strong>6)<\/strong> <strong>On veut que vous restiez pr\u00e8s de nous.<\/strong> Votre pr\u00e9sence compte \u00e9norm\u00e9ment, et savoir que vous \u00eates l\u00e0 pour prolonger la f\u00eate nous remplit de joie.<\/p>\n<p><strong>7)<\/strong> <strong>Une exp\u00e9rience inoubliable.<\/strong> Profitez \u00e0 fond du cadre magique du domaine, de ses \u00e9toiles au ciel aux \u00e9clats de rire matinaux : c\u2019est une chance unique de savourer l\u2019instant avec tous ceux qu\u2019on aime.<\/p>\n<p>[\/et_pb_text][\/et_pb_column][\/et_pb_row][\/et_pb_section][et_pb_section fb_built=&#8221;1&#8243; custom_padding_last_edited=&#8221;on|phone&#8221; _builder_version=&#8221;4.27.4&#8243; _module_preset=&#8221;default&#8221; background_color=&#8221;gcid-2fd84173-f066-46c9-9daf-956878bd42d6&#8243; custom_padding=&#8221;||11px|||&#8221; custom_padding_tablet=&#8221;0px||||false|false&#8221; custom_padding_phone=&#8221;0px||||false|false&#8221; global_colors_info=&#8221;{%22gcid-2fd84173-f066-46c9-9daf-956878bd42d6%22:%91%22background_color%22%93}&#8221;][et_pb_row _builder_version=&#8221;4.27.4&#8243; _module_preset=&#8221;default&#8221; global_colors_info=&#8221;{}&#8221;][et_pb_column type=&#8221;4_4&#8243; _builder_version=&#8221;4.27.4&#8243; _module_preset=&#8221;default&#8221; global_colors_info=&#8221;{}&#8221;][et_pb_text _builder_version=&#8221;4.27.4&#8243; _module_preset=&#8221;default&#8221; text_orientation=&#8221;center&#8221; global_colors_info=&#8221;{}&#8221;]<\/p>\n<h3>Pourquoi avons-nous choisi le Domaine des Courmettes ?<\/h3>\n<p>[\/et_pb_text][et_pb_text _builder_version=&#8221;4.27.4&#8243; _module_preset=&#8221;default&#8221; text_orientation=&#8221;center&#8221; global_colors_info=&#8221;{}&#8221;]<\/p>\n<p><strong><a href=\"https:\/\/g.co\/kgs\/3qgPk4L\" target=\"_blank\" rel=\"noopener\">Google Avis<\/a> 4.6 \u2b50 (268 avis)<\/strong><\/p>\n<p>[\/et_pb_text][et_pb_text _builder_version=&#8221;4.27.4&#8243; _module_preset=&#8221;default&#8221; text_orientation=&#8221;center&#8221; width=&#8221;80%&#8221; width_tablet=&#8221;80%&#8221; width_phone=&#8221;100%&#8221; width_last_edited=&#8221;on|phone&#8221; module_alignment=&#8221;center&#8221; global_colors_info=&#8221;{}&#8221;]<\/p>\n<p>Le Domaine des Courmettes est bien plus qu\u2019un simple lieu : c\u2019est un espace o\u00f9 l\u2019histoire, la nature et les valeurs se rencontrent. Perch\u00e9 au c\u0153ur des Pr\u00e9alpes d\u2019Azur, il offre des paysages spectaculaires et une s\u00e9r\u00e9nit\u00e9 rare. Charg\u00e9 d\u2019histoire, il a travers\u00e9 les si\u00e8cles, depuis les premiers \u00e9clats de silex jusqu\u2019au sanatorium du d\u00e9but du XX\u1d49 si\u00e8cle, qui t\u00e9moignent de sa vocation \u00e0 accueillir et prot\u00e9ger.<\/p>\n<p>Aujourd\u2019hui, les Courmettes sont un mod\u00e8le d\u2019\u00e9coresponsabilit\u00e9, port\u00e9 par l\u2019<a href=\"https:\/\/g.co\/kgs\/3qgPk4L\">association A Rocha France<\/a>, qui \u0153uvre pour la pr\u00e9servation de la biodiversit\u00e9 et la sensibilisation \u00e9cologique.<\/p>\n<p>C\u2019est pour cet \u00e9quilibre entre h\u00e9ritage et engagement, et pour l\u2019inspiration qu\u2019il procure, que nous avons choisi ce lieu unique pour c\u00e9l\u00e9brer notre union.<\/p>\n<p>[\/et_pb_text][\/et_pb_column][\/et_pb_row][et_pb_row _builder_version=&#8221;4.27.4&#8243; _module_preset=&#8221;default&#8221; global_colors_info=&#8221;{}&#8221;][et_pb_column type=&#8221;4_4&#8243; _builder_version=&#8221;4.27.4&#8243; _module_preset=&#8221;default&#8221; global_colors_info=&#8221;{}&#8221;][et_pb_text _builder_version=&#8221;4.27.4&#8243; _module_preset=&#8221;default&#8221; text_orientation=&#8221;center&#8221; global_colors_info=&#8221;{}&#8221;]<\/p>\n<h3>Si vous ne souhaitez pas dormir sur place<\/h3>\n<p>[\/et_pb_text][et_pb_text _builder_version=&#8221;4.27.4&#8243; _module_preset=&#8221;default&#8221; text_orientation=&#8221;center&#8221; width=&#8221;80%&#8221; width_tablet=&#8221;80%&#8221; width_phone=&#8221;100%&#8221; width_last_edited=&#8221;on|phone&#8221; module_alignment=&#8221;center&#8221; global_colors_info=&#8221;{}&#8221;]<\/p>\n<p>Vous trouverez l&#8217;<strong><a href=\"https:\/\/maps.app.goo.gl\/Xt1Eyegb9TEmBtBH6\" target=\"_blank\" rel=\"noopener\">Auberge des Gorges du Loup<\/a><\/strong> \u00e0 20 minutes en voiture du Domaine. Faites attention car la route est tr\u00e8s sinueuse et non \u00e9clair\u00e9e la nuit.<\/p>\n<p>[\/et_pb_text][\/et_pb_column][\/et_pb_row][\/et_pb_section][et_pb_section fb_built=&#8221;1&#8243; _builder_version=&#8221;4.27.4&#8243; _module_preset=&#8221;default&#8221; background_color=&#8221;#faf5ef&#8221; custom_padding=&#8221;||12px|||&#8221; global_colors_info=&#8221;{}&#8221;][et_pb_row _builder_version=&#8221;4.27.4&#8243; _module_preset=&#8221;default&#8221; global_colors_info=&#8221;{}&#8221;][et_pb_column type=&#8221;4_4&#8243; _builder_version=&#8221;4.27.4&#8243; _module_preset=&#8221;default&#8221; global_colors_info=&#8221;{}&#8221;][et_pb_text _builder_version=&#8221;4.27.4&#8243; _module_preset=&#8221;default&#8221; custom_margin=&#8221;||4px|||&#8221; custom_padding=&#8221;||0px|||&#8221; global_colors_info=&#8221;{}&#8221;]<\/p>\n<h5 style=\"text-align: center;\"><span style=\"color: #000000;\"><a href=\"mailto:cassetjerem@gmail.com\" style=\"color: #000000;\">cassetjerem@gmail.com<\/a><\/span><\/h5>\n<p>[\/et_pb_text][et_pb_text _builder_version=&#8221;4.27.4&#8243; _module_preset=&#8221;default&#8221; custom_margin=&#8221;-9px||12px|||&#8221; hover_enabled=&#8221;0&#8243; global_colors_info=&#8221;{}&#8221; sticky_enabled=&#8221;0&#8243;]<\/p>\n<h5 style=\"text-align: center;\">35 bis, rue Rivay 92300 LEVALLOIS-PERRET<\/h5>\n<p>[\/et_pb_text][et_pb_image src=&#8221;https:\/\/cassetjerem.com\/wp-content\/uploads\/2024\/12\/Logo-VF-11.png&#8221; title_text=&#8221;Logo-VF-11&#8243; align=&#8221;center&#8221; _builder_version=&#8221;4.27.4&#8243; _module_preset=&#8221;default&#8221; width=&#8221;27%&#8221; width_tablet=&#8221;27%&#8221; width_phone=&#8221;89%&#8221; width_last_edited=&#8221;on|phone&#8221; global_colors_info=&#8221;{}&#8221;][\/et_pb_image][\/et_pb_column][\/et_pb_row][\/et_pb_section]<\/p>\n","protected":false},"excerpt":{"rendered":"<p>O\u00f9 dormir ?Pour que vous puissiez profiter pleinement du week-end dans ce cadre exceptionnel, nous avons privatis\u00e9 toutes les chambres du domaine, offrant ainsi plus de 70 couchages. Nous avons le plaisir de vous offrir l\u2019h\u00e9bergement sur site pour la nuit du samedi 2 au dimanche 3 ao\u00fbt, afin de prolonger ensemble cette f\u00eate dans [&hellip;]<\/p>\n","protected":false},"author":1,"featured_media":0,"parent":0,"menu_order":0,"comment_status":"closed","ping_status":"closed","template":"","meta":{"_et_pb_use_builder":"on","_et_pb_old_content":"","_et_gb_content_width":"","footnotes":""},"class_list":["post-96","page","type-page","status-publish","hentry"],"_links":{"self":[{"href":"https:\/\/cassetjerem.com\/index.php\/wp-json\/wp\/v2\/pages\/96","targetHints":{"allow":["GET"]}}],"collection":[{"href":"https:\/\/cassetjerem.com\/index.php\/wp-json\/wp\/v2\/pages"}],"about":[{"href":"https:\/\/cassetjerem.com\/index.php\/wp-json\/wp\/v2\/types\/page"}],"author":[{"embeddable":true,"href":"https:\/\/cassetjerem.com\/index.php\/wp-json\/wp\/v2\/users\/1"}],"replies":[{"embeddable":true,"href":"https:\/\/cassetjerem.com\/index.php\/wp-json\/wp\/v2\/comments?post=96"}],"version-history":[{"count":17,"href":"https:\/\/cassetjerem.com\/index.php\/wp-json\/wp\/v2\/pages\/96\/revisions"}],"predecessor-version":[{"id":224,"href":"https:\/\/cassetjerem.com\/index.php\/wp-json\/wp\/v2\/pages\/96\/revisions\/224"}],"wp:attachment":[{"href":"https:\/\/cassetjerem.com\/index.php\/wp-json\/wp\/v2\/media?parent=96"}],"curies":[{"name":"wp","href":"https:\/\/api.w.org\/{rel}","templated":true}]}}