{"id":44,"date":"2025-01-11T15:50:16","date_gmt":"2025-01-11T14:50:16","guid":{"rendered":"https:\/\/cassetjerem.com\/?page_id=44"},"modified":"2025-07-05T16:33:05","modified_gmt":"2025-07-05T14:33:05","slug":"transports","status":"publish","type":"page","link":"https:\/\/cassetjerem.com\/index.php\/transports\/","title":{"rendered":"Transports"},"content":{"rendered":"<p>[et_pb_section fb_built=&#8221;1&#8243; _builder_version=&#8221;4.27.4&#8243; _module_preset=&#8221;default&#8221; background_color=&#8221;gcid-2fd84173-f066-46c9-9daf-956878bd42d6&#8243; custom_padding=&#8221;31px||11px|||&#8221; global_colors_info=&#8221;{%22gcid-2fd84173-f066-46c9-9daf-956878bd42d6%22:%91%22background_color%22%93}&#8221;][et_pb_row _builder_version=&#8221;4.27.4&#8243; _module_preset=&#8221;default&#8221; custom_margin=&#8221;|auto|20px|auto||&#8221; global_colors_info=&#8221;{}&#8221;][et_pb_column type=&#8221;4_4&#8243; _builder_version=&#8221;4.27.4&#8243; _module_preset=&#8221;default&#8221; global_colors_info=&#8221;{}&#8221;][et_pb_text _builder_version=&#8221;4.27.4&#8243; _module_preset=&#8221;default&#8221; text_orientation=&#8221;center&#8221; global_colors_info=&#8221;{}&#8221;]<\/p>\n<h1>Comment venir au Domaine ?<\/h1>\n<p>[\/et_pb_text][et_pb_text _builder_version=&#8221;4.27.4&#8243; _module_preset=&#8221;default&#8221; text_orientation=&#8221;center&#8221; width=&#8221;45%&#8221; width_tablet=&#8221;45%&#8221; width_phone=&#8221;100%&#8221; width_last_edited=&#8221;on|phone&#8221; module_alignment=&#8221;center&#8221; global_colors_info=&#8221;{}&#8221;]<\/p>\n<p>Le mariage aura lieu au <a href=\"https:\/\/g.co\/kgs\/6onrp1k\" target=\"_blank\" rel=\"noopener\"><strong>Domaine des Courmettes<\/strong><\/a>, 4500 Rte de Courmettes, 06140 Tourrettes-sur-Loup<\/p>\n<p>[\/et_pb_text][et_pb_text _builder_version=&#8221;4.27.4&#8243; _module_preset=&#8221;default&#8221; text_orientation=&#8221;center&#8221; width=&#8221;49%&#8221; width_tablet=&#8221;49%&#8221; width_phone=&#8221;100%&#8221; width_last_edited=&#8221;on|phone&#8221; module_alignment=&#8221;center&#8221; global_colors_info=&#8221;{}&#8221;]<\/p>\n<p>Une fois arriv\u00e9s, <strong>aucune voiture ne sera n\u00e9cessaire dans le cadre du weekend<\/strong>, sauf si vous avez choisi de s\u00e9journer hors du Domaine. Dans ce cas, il vous sera indispensable d&#8217;avoir votre propre moyen de locomotion.<\/p>\n<p>[\/et_pb_text][\/et_pb_column][\/et_pb_row][\/et_pb_section][et_pb_section fb_built=&#8221;1&#8243; _builder_version=&#8221;4.27.4&#8243; _module_preset=&#8221;default&#8221; background_color=&#8221;gcid-2fd84173-f066-46c9-9daf-956878bd42d6&#8243; custom_padding=&#8221;||30px|||&#8221; global_colors_info=&#8221;{%22gcid-2fd84173-f066-46c9-9daf-956878bd42d6%22:%91%22background_color%22%93}&#8221;][et_pb_row _builder_version=&#8221;4.27.4&#8243; _module_preset=&#8221;default&#8221; border_width_bottom=&#8221;1px&#8221; border_color_bottom=&#8221;gcid-81fa59d6-1a0b-4956-a5e6-5e5590f2188b&#8221; global_colors_info=&#8221;{%22gcid-81fa59d6-1a0b-4956-a5e6-5e5590f2188b%22:%91%22border_color_bottom%22%93}&#8221;][et_pb_column type=&#8221;4_4&#8243; _builder_version=&#8221;4.27.4&#8243; _module_preset=&#8221;default&#8221; global_colors_info=&#8221;{}&#8221;][et_pb_text _builder_version=&#8221;4.27.4&#8243; _module_preset=&#8221;default&#8221; custom_margin=&#8221;||1px|||&#8221; global_colors_info=&#8221;{}&#8221;]<\/p>\n<h2>Venir en train<\/h2>\n<p>[\/et_pb_text][et_pb_text _builder_version=&#8221;4.27.4&#8243; _module_preset=&#8221;default&#8221; custom_margin=&#8221;||40px|||&#8221; global_colors_info=&#8221;{}&#8221;]<\/p>\n<p><strong>\u2b50 La meilleure option si vous ne souhaitez pas louer de voiture<\/strong><\/p>\n<p>[\/et_pb_text][et_pb_text _builder_version=&#8221;4.27.4&#8243; _module_preset=&#8221;default&#8221; global_colors_info=&#8221;{}&#8221;]<\/p>\n<p>La gare la plus proche du lieu est la <a href=\"https:\/\/g.co\/kgs\/qVuTYzd\" target=\"_blank\" rel=\"noopener\">Gare de Grasse<\/a>. Pr\u00e9voyez d&#8217;arriver en Gare de Grasse au plus tard pour 15h, heure de d\u00e9part de la derni\u00e8re navette vers le Domaine.<\/p>\n<p>Pour arriver en gare de Grasse, vous pouvez prendre un TER en gare de Cannes (o\u00f9 les TGV Paris-Nice, Marseille-Nice et Lyon-Nice s&#8217;arr\u00eatent). Il s&#8217;agit du m\u00eame TER qui passe avant cela en Gare de Nice, et dans toutes les gares entre Nice et Cannes.<\/p>\n<p>Une fois en gare de Grasse, <strong>une navette gratuite viendra vous r\u00e9cup\u00e9rer<\/strong> pour aller sur le site du mariage. Pensez \u00e0 nous donner vos horaires au moins 2 semaines avant le Jour J. Une navette sera \u00e9galement disponible le dimanche apr\u00e8s le brunch pour vous ramener \u00e0 la gare. Elle circulera de 13h \u00e0 16h le dimanche.<\/p>\n<p>Quelques indications utiles :<\/p>\n<ul>\n<li>Depuis Paris, comptez 6 \u00e0 7h de la Gare de Lyon \u00e0 la Gare de Grasse<\/li>\n<li>Depuis Lyon, comptez 5 \u00e0 6h de la Gare Part Dieu \u00e0 la Gare de Grasse<\/li>\n<\/ul>\n<p>&nbsp;<\/p>\n<p>[\/et_pb_text][\/et_pb_column][\/et_pb_row][et_pb_row _builder_version=&#8221;4.27.4&#8243; _module_preset=&#8221;default&#8221; custom_margin=&#8221;8px|auto||auto||&#8221; border_width_bottom=&#8221;1px&#8221; border_color_bottom=&#8221;gcid-81fa59d6-1a0b-4956-a5e6-5e5590f2188b&#8221; global_colors_info=&#8221;{%22gcid-81fa59d6-1a0b-4956-a5e6-5e5590f2188b%22:%91%22border_color_bottom%22%93}&#8221;][et_pb_column type=&#8221;4_4&#8243; _builder_version=&#8221;4.27.4&#8243; _module_preset=&#8221;default&#8221; global_colors_info=&#8221;{}&#8221;][et_pb_text _builder_version=&#8221;4.27.4&#8243; _module_preset=&#8221;default&#8221; custom_margin=&#8221;||1px|||&#8221; global_colors_info=&#8221;{}&#8221;]<\/p>\n<h2>Venir en voiture<\/h2>\n<p>[\/et_pb_text][et_pb_text _builder_version=&#8221;4.27.4&#8243; _module_preset=&#8221;default&#8221; custom_margin=&#8221;12px|||||&#8221; global_colors_info=&#8221;{}&#8221;]<\/p>\n<p>Rendez-vous directement au Domaine des Courmettes (<a href=\"https:\/\/g.co\/kgs\/iaPaiBV\" target=\"_blank\" rel=\"noopener\">voir sur Google Maps<\/a>).<\/p>\n<p>Il y aura largement de la place pour vous garer sur site. Attention : les 5 derniers kilom\u00e8tres sont tr\u00e8s sinueux, soyez prudents !\u00a0<\/p>\n<p>[\/et_pb_text][\/et_pb_column][\/et_pb_row][et_pb_row _builder_version=&#8221;4.27.4&#8243; _module_preset=&#8221;default&#8221; custom_margin=&#8221;8px|auto||auto||&#8221; border_color_bottom=&#8221;gcid-81fa59d6-1a0b-4956-a5e6-5e5590f2188b&#8221; global_colors_info=&#8221;{%22gcid-81fa59d6-1a0b-4956-a5e6-5e5590f2188b%22:%91%22border_color_bottom%22%93}&#8221;][et_pb_column type=&#8221;4_4&#8243; _builder_version=&#8221;4.27.4&#8243; _module_preset=&#8221;default&#8221; global_colors_info=&#8221;{}&#8221;][et_pb_text _builder_version=&#8221;4.27.4&#8243; _module_preset=&#8221;default&#8221; custom_margin=&#8221;||1px|||&#8221; global_colors_info=&#8221;{}&#8221;]<\/p>\n<h2>Venir en avion<\/h2>\n<p>[\/et_pb_text][et_pb_text _builder_version=&#8221;4.27.4&#8243; _module_preset=&#8221;default&#8221; custom_margin=&#8221;12px|||||&#8221; global_colors_info=&#8221;{}&#8221;]<\/p>\n<p>L&#8217;a\u00e9roport le plus proche est l&#8217;<a href=\"https:\/\/g.co\/kgs\/gfDDmMK\" target=\"_blank\" rel=\"noopener\">a\u00e9roport Nice C\u00f4te d&#8217;Azur<\/a>.<\/p>\n<p>Une fois \u00e0 l&#8217;a\u00e9roport, vous avez l&#8217;option de :<\/p>\n<ul>\n<li>Louer une voiture \u00e0 l&#8217;a\u00e9roport (\u00e0 30 km du lieu de mariage)<\/li>\n<li>Prendre un taxi ou Uber jusqu&#8217;au lieu du mariage (50\u20ac en Uber)<\/li>\n<\/ul>\n<p>[\/et_pb_text][\/et_pb_column][\/et_pb_row][\/et_pb_section][et_pb_section fb_built=&#8221;1&#8243; fullwidth=&#8221;on&#8221; _builder_version=&#8221;4.27.4&#8243; _module_preset=&#8221;default&#8221; global_colors_info=&#8221;{}&#8221;][et_pb_fullwidth_image src=&#8221;https:\/\/cassetjerem.com\/wp-content\/uploads\/2025\/01\/2014-07-30-Domaine-2-CW-e1736592417985.jpg&#8221; title_text=&#8221;2014-07-30 Domaine 2 (CW)&#8221; _builder_version=&#8221;4.27.4&#8243; _module_preset=&#8221;default&#8221; global_colors_info=&#8221;{}&#8221;][\/et_pb_fullwidth_image][\/et_pb_section][et_pb_section fb_built=&#8221;1&#8243; custom_padding_last_edited=&#8221;on|phone&#8221; _builder_version=&#8221;4.27.4&#8243; _module_preset=&#8221;default&#8221; background_color=&#8221;#faf5ef&#8221; custom_padding=&#8221;||12px|||&#8221; custom_padding_tablet=&#8221;||12px|||&#8221; custom_padding_phone=&#8221;0px||||false|false&#8221; global_colors_info=&#8221;{}&#8221;][et_pb_row _builder_version=&#8221;4.27.4&#8243; _module_preset=&#8221;default&#8221; global_colors_info=&#8221;{}&#8221;][et_pb_column type=&#8221;4_4&#8243; _builder_version=&#8221;4.27.4&#8243; _module_preset=&#8221;default&#8221; global_colors_info=&#8221;{}&#8221;][et_pb_text _builder_version=&#8221;4.27.4&#8243; _module_preset=&#8221;default&#8221; custom_margin=&#8221;||4px|||&#8221; custom_padding=&#8221;||0px|||&#8221; global_colors_info=&#8221;{}&#8221;]<\/p>\n<h5 style=\"text-align: center;\"><span style=\"color: #000000;\"><a href=\"mailto:cassetjerem@gmail.com\" style=\"color: #000000;\">cassetjerem@gmail.com<\/a><\/span><\/h5>\n<p>[\/et_pb_text][et_pb_text _builder_version=&#8221;4.27.4&#8243; _module_preset=&#8221;default&#8221; custom_margin=&#8221;-9px||12px|||&#8221; hover_enabled=&#8221;0&#8243; global_colors_info=&#8221;{}&#8221; sticky_enabled=&#8221;0&#8243;]<\/p>\n<h5 style=\"text-align: center;\">35, bis rue Rivay 92300 LEVALLOIS-PERRET<\/h5>\n<p>[\/et_pb_text][et_pb_image src=&#8221;https:\/\/cassetjerem.com\/wp-content\/uploads\/2024\/12\/Logo-VF-11.png&#8221; title_text=&#8221;Logo CJ&#8221; align=&#8221;center&#8221; _builder_version=&#8221;4.27.4&#8243; _module_preset=&#8221;default&#8221; width=&#8221;27%&#8221; width_tablet=&#8221;27%&#8221; width_phone=&#8221;100%&#8221; width_last_edited=&#8221;on|phone&#8221; global_colors_info=&#8221;{}&#8221;][\/et_pb_image][\/et_pb_column][\/et_pb_row][\/et_pb_section]<\/p>\n","protected":false},"excerpt":{"rendered":"<p>Comment venir au Domaine ?Le mariage aura lieu au Domaine des Courmettes, 4500 Rte de Courmettes, 06140 Tourrettes-sur-LoupUne fois arriv\u00e9s, aucune voiture ne sera n\u00e9cessaire dans le cadre du weekend, sauf si vous avez choisi de s\u00e9journer hors du Domaine. Dans ce cas, il vous sera indispensable d&#8217;avoir votre propre moyen de locomotion.Venir en train\u2b50 [&hellip;]<\/p>\n","protected":false},"author":1,"featured_media":0,"parent":0,"menu_order":0,"comment_status":"closed","ping_status":"closed","template":"","meta":{"_et_pb_use_builder":"on","_et_pb_old_content":"","_et_gb_content_width":"","footnotes":""},"class_list":["post-44","page","type-page","status-publish","hentry"],"_links":{"self":[{"href":"https:\/\/cassetjerem.com\/index.php\/wp-json\/wp\/v2\/pages\/44","targetHints":{"allow":["GET"]}}],"collection":[{"href":"https:\/\/cassetjerem.com\/index.php\/wp-json\/wp\/v2\/pages"}],"about":[{"href":"https:\/\/cassetjerem.com\/index.php\/wp-json\/wp\/v2\/types\/page"}],"author":[{"embeddable":true,"href":"https:\/\/cassetjerem.com\/index.php\/wp-json\/wp\/v2\/users\/1"}],"replies":[{"embeddable":true,"href":"https:\/\/cassetjerem.com\/index.php\/wp-json\/wp\/v2\/comments?post=44"}],"version-history":[{"count":19,"href":"https:\/\/cassetjerem.com\/index.php\/wp-json\/wp\/v2\/pages\/44\/revisions"}],"predecessor-version":[{"id":228,"href":"https:\/\/cassetjerem.com\/index.php\/wp-json\/wp\/v2\/pages\/44\/revisions\/228"}],"wp:attachment":[{"href":"https:\/\/cassetjerem.com\/index.php\/wp-json\/wp\/v2\/media?parent=44"}],"curies":[{"name":"wp","href":"https:\/\/api.w.org\/{rel}","templated":true}]}}