{"id":151,"date":"2025-01-11T18:09:27","date_gmt":"2025-01-11T17:09:27","guid":{"rendered":"https:\/\/cassetjerem.com\/?page_id=151"},"modified":"2025-07-05T16:32:02","modified_gmt":"2025-07-05T14:32:02","slug":"cagnotte","status":"publish","type":"page","link":"https:\/\/cassetjerem.com\/index.php\/cagnotte\/","title":{"rendered":"Cagnotte"},"content":{"rendered":"<p>[et_pb_section fb_built=&#8221;1&#8243; _builder_version=&#8221;4.27.4&#8243; _module_preset=&#8221;default&#8221; background_color=&#8221;gcid-2fd84173-f066-46c9-9daf-956878bd42d6&#8243; background_image=&#8221;https:\/\/cassetjerem.com\/wp-content\/uploads\/2024\/12\/elements-graphiques-newsletter-07.png&#8221; min_height=&#8221;599.4px&#8221; custom_padding=&#8221;||40px|||&#8221; global_colors_info=&#8221;{%22gcid-2fd84173-f066-46c9-9daf-956878bd42d6%22:%91%22background_color%22%93}&#8221;][et_pb_row _builder_version=&#8221;4.27.4&#8243; _module_preset=&#8221;default&#8221; width_tablet=&#8221;&#8221; width_phone=&#8221;80%&#8221; width_last_edited=&#8221;on|phone&#8221; custom_padding=&#8221;||30px|||&#8221; global_colors_info=&#8221;{}&#8221;][et_pb_column type=&#8221;4_4&#8243; _builder_version=&#8221;4.27.4&#8243; _module_preset=&#8221;default&#8221; global_colors_info=&#8221;{}&#8221;][et_pb_text _builder_version=&#8221;4.27.4&#8243; _module_preset=&#8221;default&#8221; text_orientation=&#8221;center&#8221; width=&#8221;60%&#8221; width_tablet=&#8221;60%&#8221; width_phone=&#8221;100%&#8221; width_last_edited=&#8221;on|phone&#8221; module_alignment=&#8221;center&#8221; hover_enabled=&#8221;0&#8243; global_colors_info=&#8221;{}&#8221; sticky_enabled=&#8221;0&#8243;]<\/p>\n<h2>Cagnotte pour notre voyage de noces<\/h2>\n<p>[\/et_pb_text][et_pb_text _builder_version=&#8221;4.27.4&#8243; _module_preset=&#8221;default&#8221; text_orientation=&#8221;center&#8221; width=&#8221;60%&#8221; width_tablet=&#8221;60%&#8221; width_phone=&#8221;100%&#8221; width_last_edited=&#8221;on|phone&#8221; module_alignment=&#8221;center&#8221; global_colors_info=&#8221;{}&#8221;]<\/p>\n<p>Votre pr\u00e9sence \u00e0 notre mariage est d\u00e9j\u00e0 un merveilleux cadeau. Si vous souhaitez nous g\u00e2ter davantage, nous avons pr\u00e9vu une cagnotte pour contribuer \u00e0 notre voyage de noces (probablement en Su\u00e8de et Norv\u00e8ge !)<\/p>\n<p>Une version en ligne est disponible ici :<\/p>\n<p>[\/et_pb_text][et_pb_button button_url=&#8221;https:\/\/www.lepotcommun.fr\/pot\/w8tf7ua4&#8243; url_new_window=&#8221;on&#8221; button_text=&#8221;Participer \u00e0 la cagnotte&#8221; button_alignment=&#8221;center&#8221; _builder_version=&#8221;4.27.4&#8243; _module_preset=&#8221;default&#8221; custom_button=&#8221;on&#8221; button_bg_color=&#8221;gcid-secondary-color&#8221; global_colors_info=&#8221;{%22gcid-secondary-color%22:%91%22button_bg_color%22%93}&#8221;][\/et_pb_button][et_pb_text _builder_version=&#8221;4.27.4&#8243; _module_preset=&#8221;default&#8221; text_orientation=&#8221;center&#8221; width=&#8221;60%&#8221; width_tablet=&#8221;60%&#8221; width_phone=&#8221;100%&#8221; width_last_edited=&#8221;on|phone&#8221; module_alignment=&#8221;center&#8221; global_colors_info=&#8221;{}&#8221;]<\/p>\n<p>Pour ceux qui pr\u00e9f\u00e8rent la bonne vieille m\u00e9thode, une urne physique sera disponible pendant le weekend.<\/p>\n<p>Merci \u00e0 tous pour votre g\u00e9n\u00e9rosit\u00e9, qui nous aidera \u00e0 partir vivre une belle aventure \u00e0 deux !<\/p>\n<p>[\/et_pb_text][\/et_pb_column][\/et_pb_row][\/et_pb_section][et_pb_section fb_built=&#8221;1&#8243; _builder_version=&#8221;4.27.4&#8243; _module_preset=&#8221;default&#8221; background_color=&#8221;#faf5ef&#8221; custom_padding=&#8221;||12px|||&#8221; global_colors_info=&#8221;{}&#8221;][et_pb_row _builder_version=&#8221;4.27.4&#8243; _module_preset=&#8221;default&#8221; global_colors_info=&#8221;{}&#8221;][et_pb_column type=&#8221;4_4&#8243; _builder_version=&#8221;4.27.4&#8243; _module_preset=&#8221;default&#8221; global_colors_info=&#8221;{}&#8221;][et_pb_text _builder_version=&#8221;4.27.4&#8243; _module_preset=&#8221;default&#8221; custom_margin=&#8221;||4px|||&#8221; custom_padding=&#8221;||0px|||&#8221; global_colors_info=&#8221;{}&#8221;]<\/p>\n<h5 style=\"text-align: center;\"><span style=\"color: #000000;\"><a href=\"mailto:cassetjerem@gmail.com\" style=\"color: #000000;\">cassetjerem@gmail.com<\/a><\/span><\/h5>\n<p>[\/et_pb_text][et_pb_text _builder_version=&#8221;4.27.4&#8243; _module_preset=&#8221;default&#8221; custom_margin=&#8221;-9px||12px|||&#8221; hover_enabled=&#8221;0&#8243; global_colors_info=&#8221;{}&#8221; sticky_enabled=&#8221;0&#8243;]<\/p>\n<h5 style=\"text-align: center;\">35, bis rue Rivay 92300 LEVALLOIS-PERRET<\/h5>\n<p>[\/et_pb_text][et_pb_image src=&#8221;https:\/\/cassetjerem.com\/wp-content\/uploads\/2024\/12\/Logo-VF-11.png&#8221; title_text=&#8221;Logo CJ&#8221; align=&#8221;center&#8221; _builder_version=&#8221;4.27.4&#8243; _module_preset=&#8221;default&#8221; width=&#8221;27%&#8221; width_tablet=&#8221;27%&#8221; width_phone=&#8221;100%&#8221; width_last_edited=&#8221;on|phone&#8221; global_colors_info=&#8221;{}&#8221;][\/et_pb_image][\/et_pb_column][\/et_pb_row][\/et_pb_section]<\/p>\n","protected":false},"excerpt":{"rendered":"<p>Cagnotte pour notre voyage de nocesVotre pr\u00e9sence \u00e0 notre mariage est d\u00e9j\u00e0 un merveilleux cadeau. Si vous souhaitez nous g\u00e2ter davantage, nous avons pr\u00e9vu une cagnotte pour contribuer \u00e0 notre voyage de noces (probablement en Su\u00e8de et Norv\u00e8ge !) Une version en ligne est disponible ici :Pour ceux qui pr\u00e9f\u00e8rent la bonne vieille m\u00e9thode, une [&hellip;]<\/p>\n","protected":false},"author":1,"featured_media":0,"parent":0,"menu_order":0,"comment_status":"closed","ping_status":"closed","template":"","meta":{"_et_pb_use_builder":"on","_et_pb_old_content":"","_et_gb_content_width":"","footnotes":""},"class_list":["post-151","page","type-page","status-publish","hentry"],"_links":{"self":[{"href":"https:\/\/cassetjerem.com\/index.php\/wp-json\/wp\/v2\/pages\/151","targetHints":{"allow":["GET"]}}],"collection":[{"href":"https:\/\/cassetjerem.com\/index.php\/wp-json\/wp\/v2\/pages"}],"about":[{"href":"https:\/\/cassetjerem.com\/index.php\/wp-json\/wp\/v2\/types\/page"}],"author":[{"embeddable":true,"href":"https:\/\/cassetjerem.com\/index.php\/wp-json\/wp\/v2\/users\/1"}],"replies":[{"embeddable":true,"href":"https:\/\/cassetjerem.com\/index.php\/wp-json\/wp\/v2\/comments?post=151"}],"version-history":[{"count":6,"href":"https:\/\/cassetjerem.com\/index.php\/wp-json\/wp\/v2\/pages\/151\/revisions"}],"predecessor-version":[{"id":226,"href":"https:\/\/cassetjerem.com\/index.php\/wp-json\/wp\/v2\/pages\/151\/revisions\/226"}],"wp:attachment":[{"href":"https:\/\/cassetjerem.com\/index.php\/wp-json\/wp\/v2\/media?parent=151"}],"curies":[{"name":"wp","href":"https:\/\/api.w.org\/{rel}","templated":true}]}}