{"id":101,"date":"2025-01-11T15:53:54","date_gmt":"2025-01-11T14:53:54","guid":{"rendered":"https:\/\/cassetjerem.com\/?page_id=101"},"modified":"2025-07-05T16:32:34","modified_gmt":"2025-07-05T14:32:34","slug":"decouvrir-la-region","status":"publish","type":"page","link":"https:\/\/cassetjerem.com\/index.php\/decouvrir-la-region\/","title":{"rendered":"D\u00e9couvrir la r\u00e9gion"},"content":{"rendered":"<p>[et_pb_section fb_built=&#8221;1&#8243; _builder_version=&#8221;4.27.4&#8243; _module_preset=&#8221;default&#8221; background_color=&#8221;gcid-2fd84173-f066-46c9-9daf-956878bd42d6&#8243; custom_padding=&#8221;||33px|||&#8221; global_colors_info=&#8221;{%22gcid-2fd84173-f066-46c9-9daf-956878bd42d6%22:%91%22background_color%22%93}&#8221;][et_pb_row _builder_version=&#8221;4.27.4&#8243; _module_preset=&#8221;default&#8221; custom_margin=&#8221;|auto|20px|auto||&#8221; global_colors_info=&#8221;{}&#8221;][et_pb_column type=&#8221;4_4&#8243; _builder_version=&#8221;4.27.4&#8243; _module_preset=&#8221;default&#8221; global_colors_info=&#8221;{}&#8221;][et_pb_text _builder_version=&#8221;4.27.4&#8243; _module_preset=&#8221;default&#8221; text_orientation=&#8221;center&#8221; custom_margin=&#8221;||0px|||&#8221; global_colors_info=&#8221;{}&#8221;]<\/p>\n<h1>Prolongez l\u2019aventure en C\u00f4te d\u2019Azur<\/h1>\n<p>[\/et_pb_text][et_pb_text _builder_version=&#8221;4.27.4&#8243; _module_preset=&#8221;default&#8221; text_orientation=&#8221;center&#8221; width=&#8221;45%&#8221; width_tablet=&#8221;45%&#8221; width_phone=&#8221;100%&#8221; width_last_edited=&#8221;on|phone&#8221; module_alignment=&#8221;center&#8221; global_colors_info=&#8221;{}&#8221;]<\/p>\n<p><strong>Nos coups de coeur \u00e0 explorer<\/strong><\/p>\n<p>[\/et_pb_text][et_pb_text _builder_version=&#8221;4.27.4&#8243; _module_preset=&#8221;default&#8221; text_orientation=&#8221;center&#8221; width=&#8221;45%&#8221; width_tablet=&#8221;45%&#8221; width_phone=&#8221;100%&#8221; width_last_edited=&#8221;on|phone&#8221; module_alignment=&#8221;center&#8221; global_colors_info=&#8221;{}&#8221;]<\/p>\n<p>Que diriez-vous de profiter de votre passage pour d\u00e9couvrir les merveilles de la r\u00e9gion ? Des villages perch\u00e9s au charme intemporel, des panoramas \u00e0 couper le souffle, des plages idylliques et des tr\u00e9sors culturels vous attendent. Voici quelques id\u00e9es pour faire de votre s\u00e9jour un v\u00e9ritable voyage sensoriel.<\/p>\n<p>[\/et_pb_text][\/et_pb_column][\/et_pb_row][\/et_pb_section][et_pb_section fb_built=&#8221;1&#8243; _builder_version=&#8221;4.27.4&#8243; _module_preset=&#8221;default&#8221; background_color=&#8221;gcid-2fd84173-f066-46c9-9daf-956878bd42d6&#8243; custom_padding=&#8221;11px||7px|||&#8221; global_colors_info=&#8221;{%22gcid-2fd84173-f066-46c9-9daf-956878bd42d6%22:%91%22background_color%22%93}&#8221;][et_pb_row column_structure=&#8221;1_2,1_2&#8243; _builder_version=&#8221;4.27.4&#8243; _module_preset=&#8221;default&#8221; global_colors_info=&#8221;{}&#8221;][et_pb_column type=&#8221;1_2&#8243; _builder_version=&#8221;4.27.4&#8243; _module_preset=&#8221;default&#8221; global_colors_info=&#8221;{}&#8221;][et_pb_image src=&#8221;https:\/\/cassetjerem.com\/wp-content\/uploads\/2025\/01\/rando-courmettes.jpg&#8221; title_text=&#8221;rando courmettes&#8221; _builder_version=&#8221;4.27.4&#8243; _module_preset=&#8221;default&#8221; custom_margin=&#8221;35px||||false|false&#8221; custom_margin_tablet=&#8221;0px||||false|false&#8221; custom_margin_phone=&#8221;0px||||false|false&#8221; custom_margin_last_edited=&#8221;on|tablet&#8221; global_colors_info=&#8221;{}&#8221;][\/et_pb_image][\/et_pb_column][et_pb_column type=&#8221;1_2&#8243; _builder_version=&#8221;4.27.4&#8243; _module_preset=&#8221;default&#8221; global_colors_info=&#8221;{}&#8221;][et_pb_text _builder_version=&#8221;4.27.4&#8243; _module_preset=&#8221;default&#8221; global_colors_info=&#8221;{}&#8221;]<\/p>\n<h2>Les petits joyaux autour du Domaine des Courmettes<\/h2>\n<p>[\/et_pb_text][et_pb_text _builder_version=&#8221;4.27.4&#8243; _module_preset=&#8221;default&#8221; global_colors_info=&#8221;{}&#8221;]<\/p>\n<p>&#8211; Depuis le Domaine, partez pour une randonn\u00e9e dans les <strong>sentiers des Courmettes. <\/strong>Les <a href=\"https:\/\/www.courmettes.com\/infos-pratiques\/randonnee\/\" target=\"_blank\" rel=\"noopener\"><strong>itin\u00e9raires balis\u00e9s<\/strong><\/a> offrent des vues \u00e0 couper le souffle sur la C\u00f4te d\u2019Azur.<\/p>\n<p>&#8211; Perch\u00e9 au sommet des collines, <strong>Gourdon<\/strong> offre des vues panoramiques sur la M\u00e9diterran\u00e9e. Prenez le temps de respirer.<\/p>\n<p><strong>&#8211; Saint-Paul-de-Vence<\/strong> vous invite \u00e0 fl\u00e2ner dans ses ruelles charg\u00e9es d\u2019histoire, o\u00f9 l\u2019art et la po\u00e9sie se m\u00ealent \u00e0 chaque coin de rue.<\/p>\n<p>&#8211; Enfin, plongez dans l\u2019univers des parfums \u00e0 <strong>Grasse<\/strong>, o\u00f9 le savoir-faire artisanal se d\u00e9voile dans chaque flacon.<\/p>\n<p>[\/et_pb_text][\/et_pb_column][\/et_pb_row][et_pb_row column_structure=&#8221;1_2,1_2&#8243; _builder_version=&#8221;4.27.4&#8243; _module_preset=&#8221;default&#8221; global_colors_info=&#8221;{}&#8221;][et_pb_column type=&#8221;1_2&#8243; _builder_version=&#8221;4.27.4&#8243; _module_preset=&#8221;default&#8221; global_colors_info=&#8221;{}&#8221;][et_pb_text _builder_version=&#8221;4.27.4&#8243; _module_preset=&#8221;default&#8221; global_colors_info=&#8221;{}&#8221;]<\/p>\n<h2>Les tr\u00e9sors du littoral<\/h2>\n<p>[\/et_pb_text][et_pb_text _builder_version=&#8221;4.27.4&#8243; _module_preset=&#8221;default&#8221; global_colors_info=&#8221;{}&#8221;]<\/p>\n<p>La C\u00f4te d\u2019Azur, c\u2019est aussi la mer, les plages et les lumi\u00e8res \u00e9clatantes.<\/p>\n<p>&#8211; <strong>Antibes<\/strong>, entre son march\u00e9 proven\u00e7al, ses remparts historiques et son <strong><a href=\"https:\/\/g.co\/kgs\/puycwhu\" target=\"_blank\" rel=\"noopener\">Sentier du Littoral<\/a><\/strong>, est une invitation au voyage.<\/p>\n<p>&#8211; \u00c0 <strong>Nice<\/strong>, laissez-vous porter par l\u2019effervescence de la Promenade des Anglais, les saveurs du Vieux-Nice et la qui\u00e9tude de la <strong><a href=\"https:\/\/g.co\/kgs\/1tFcXZH\" target=\"_blank\" rel=\"noopener\">Colline du Ch\u00e2teau.<\/a><\/strong><\/p>\n<p><strong>&#8211; <\/strong>En qu\u00eate d\u2019un \u00e9crin de verdure au milieu de l\u2019eau ? <a href=\"https:\/\/g.co\/kgs\/AKP5Gka\" target=\"_blank\" rel=\"noopener\"><strong>L\u2019\u00eele Sainte-Marguerite<\/strong><\/a>, accessible depuis Cannes, est un petit paradis.<\/p>\n<p>&#8211; Perch\u00e9 sur un \u00e9peron rocheux, le <strong><a href=\"https:\/\/g.co\/kgs\/M4i3ezT\" target=\"_blank\" rel=\"noopener\">Jardin Exotique d\u2019\u00c8ze<\/a><\/strong> offre une collection unique de plantes exotiques et des panoramas \u00e9poustouflants sur la M\u00e9diterran\u00e9e. Profitez de votre passage \u00e0 Eze pour visiter <strong><a href=\"https:\/\/g.co\/kgs\/ALUMEUN\" target=\"_blank\" rel=\"noopener\">la Parfumerie Fragonard.<\/a><\/strong><\/p>\n<p>&nbsp;<\/p>\n<p>[\/et_pb_text][\/et_pb_column][et_pb_column type=&#8221;1_2&#8243; _builder_version=&#8221;4.27.4&#8243; _module_preset=&#8221;default&#8221; global_colors_info=&#8221;{}&#8221;][et_pb_image src=&#8221;https:\/\/cassetjerem.com\/wp-content\/uploads\/2025\/01\/eze.webp&#8221; title_text=&#8221;eze&#8221; _builder_version=&#8221;4.27.4&#8243; _module_preset=&#8221;default&#8221; custom_margin=&#8221;30px||||false|false&#8221; custom_margin_tablet=&#8221;30px||||false|false&#8221; custom_margin_phone=&#8221;30px||||false|false&#8221; custom_margin_last_edited=&#8221;on|desktop&#8221; global_colors_info=&#8221;{}&#8221;][\/et_pb_image][\/et_pb_column][\/et_pb_row][et_pb_row column_structure=&#8221;1_3,2_3&#8243; _builder_version=&#8221;4.27.4&#8243; _module_preset=&#8221;default&#8221; global_colors_info=&#8221;{}&#8221;][et_pb_column type=&#8221;1_3&#8243; _builder_version=&#8221;4.27.4&#8243; _module_preset=&#8221;default&#8221; global_colors_info=&#8221;{}&#8221;][et_pb_image src=&#8221;https:\/\/cassetjerem.com\/wp-content\/uploads\/2025\/01\/panbagnat.webp&#8221; title_text=&#8221;panbagnat&#8221; _builder_version=&#8221;4.27.4&#8243; _module_preset=&#8221;default&#8221; custom_margin=&#8221;35px||||false|false&#8221; custom_margin_tablet=&#8221;0px||||false|false&#8221; custom_margin_phone=&#8221;0px||||false|false&#8221; custom_margin_last_edited=&#8221;on|tablet&#8221; border_radii=&#8221;on|5px|5px|5px|5px&#8221; global_colors_info=&#8221;{}&#8221;][\/et_pb_image][\/et_pb_column][et_pb_column type=&#8221;2_3&#8243; _builder_version=&#8221;4.27.4&#8243; _module_preset=&#8221;default&#8221; global_colors_info=&#8221;{}&#8221;][et_pb_text _builder_version=&#8221;4.27.4&#8243; _module_preset=&#8221;default&#8221; global_colors_info=&#8221;{}&#8221;]<\/p>\n<h2>Pour les gourmands<\/h2>\n<p>[\/et_pb_text][et_pb_text _builder_version=&#8221;4.27.4&#8243; _module_preset=&#8221;default&#8221; global_colors_info=&#8221;{}&#8221;]<\/p>\n<p>La r\u00e9gion regorge de sp\u00e9cialit\u00e9s locales plus gourmandes les unes que les autres (et bonnes pour la sant\u00e9 !)<\/p>\n<p>&#8211; Goutez les meilleurs pan bagnat chez <strong><a href=\"https:\/\/g.co\/kgs\/Mh2o1qm\" target=\"_blank\" rel=\"noopener\">Lou Pelandroun <\/a><\/strong>ou <a href=\"https:\/\/g.co\/kgs\/7k1zrvD\" target=\"_blank\" rel=\"noopener\"><strong>chez Josy<\/strong><\/a> sur la plage de Juan-les-Pins<\/p>\n<p>&#8211; D\u00e9gustez les petits far\u00e7is ni\u00e7ois<\/p>\n<p>&#8211; Partagez une part de socca \u00e0 <strong><a href=\"https:\/\/g.co\/kgs\/NV1EhNk\" target=\"_blank\" rel=\"noopener\">la Socca d&#8217;Or<\/a><\/strong><\/p>\n<p>&#8211; Goinfrez vous de pissaladi\u00e8re<\/p>\n<p>&#8211; Testez la pichade (sp\u00e9cialit\u00e9 de Menton)<\/p>\n<p>&#8211; D\u00e9lectez vous de beignets de fleurs de courgettes<\/p>\n<p>&#8211; Mangez les d\u00e9licieuses glaces faites maison de <strong><a href=\"https:\/\/maps.app.goo.gl\/eULu9x7ptpRWQigy8\" target=\"_blank\" rel=\"noopener\">Papilla<\/a><\/strong><\/p>\n<p>&nbsp;<\/p>\n<p>&nbsp;<\/p>\n<p>[\/et_pb_text][\/et_pb_column][\/et_pb_row][\/et_pb_section][et_pb_section fb_built=&#8221;1&#8243; _builder_version=&#8221;4.27.4&#8243; _module_preset=&#8221;default&#8221; background_color=&#8221;#faf5ef&#8221; custom_padding=&#8221;14px||12px|||&#8221; global_colors_info=&#8221;{}&#8221;][et_pb_row _builder_version=&#8221;4.27.4&#8243; _module_preset=&#8221;default&#8221; global_colors_info=&#8221;{}&#8221;][et_pb_column type=&#8221;4_4&#8243; _builder_version=&#8221;4.27.4&#8243; _module_preset=&#8221;default&#8221; global_colors_info=&#8221;{}&#8221;][et_pb_text _builder_version=&#8221;4.27.4&#8243; _module_preset=&#8221;default&#8221; custom_margin=&#8221;||4px|||&#8221; custom_padding=&#8221;||0px|||&#8221; global_colors_info=&#8221;{}&#8221;]<\/p>\n<h5 style=\"text-align: center;\"><span style=\"color: #000000;\"><a href=\"mailto:cassetjerem@gmail.com\" style=\"color: #000000;\">cassetjerem@gmail.com<\/a><\/span><\/h5>\n<p>[\/et_pb_text][et_pb_text _builder_version=&#8221;4.27.4&#8243; _module_preset=&#8221;default&#8221; custom_margin=&#8221;-9px||12px|||&#8221; hover_enabled=&#8221;0&#8243; global_colors_info=&#8221;{}&#8221; sticky_enabled=&#8221;0&#8243;]<\/p>\n<h5 style=\"text-align: center;\">35, bis rue Rivay 92300 LEVALLOIS-PERRET<\/h5>\n<p>[\/et_pb_text][et_pb_image src=&#8221;https:\/\/cassetjerem.com\/wp-content\/uploads\/2024\/12\/Logo-VF-11.png&#8221; title_text=&#8221;Logo CJ&#8221; align=&#8221;center&#8221; _builder_version=&#8221;4.27.4&#8243; _module_preset=&#8221;default&#8221; width=&#8221;27%&#8221; width_tablet=&#8221;27%&#8221; width_phone=&#8221;98%&#8221; width_last_edited=&#8221;on|phone&#8221; global_colors_info=&#8221;{}&#8221;][\/et_pb_image][\/et_pb_column][\/et_pb_row][\/et_pb_section]<\/p>\n","protected":false},"excerpt":{"rendered":"<p>Prolongez l\u2019aventure en C\u00f4te d\u2019AzurNos coups de coeur \u00e0 explorerQue diriez-vous de profiter de votre passage pour d\u00e9couvrir les merveilles de la r\u00e9gion ? Des villages perch\u00e9s au charme intemporel, des panoramas \u00e0 couper le souffle, des plages idylliques et des tr\u00e9sors culturels vous attendent. Voici quelques id\u00e9es pour faire de votre s\u00e9jour un v\u00e9ritable [&hellip;]<\/p>\n","protected":false},"author":1,"featured_media":0,"parent":0,"menu_order":0,"comment_status":"closed","ping_status":"closed","template":"","meta":{"_et_pb_use_builder":"on","_et_pb_old_content":"","_et_gb_content_width":"","footnotes":""},"class_list":["post-101","page","type-page","status-publish","hentry"],"_links":{"self":[{"href":"https:\/\/cassetjerem.com\/index.php\/wp-json\/wp\/v2\/pages\/101","targetHints":{"allow":["GET"]}}],"collection":[{"href":"https:\/\/cassetjerem.com\/index.php\/wp-json\/wp\/v2\/pages"}],"about":[{"href":"https:\/\/cassetjerem.com\/index.php\/wp-json\/wp\/v2\/types\/page"}],"author":[{"embeddable":true,"href":"https:\/\/cassetjerem.com\/index.php\/wp-json\/wp\/v2\/users\/1"}],"replies":[{"embeddable":true,"href":"https:\/\/cassetjerem.com\/index.php\/wp-json\/wp\/v2\/comments?post=101"}],"version-history":[{"count":11,"href":"https:\/\/cassetjerem.com\/index.php\/wp-json\/wp\/v2\/pages\/101\/revisions"}],"predecessor-version":[{"id":227,"href":"https:\/\/cassetjerem.com\/index.php\/wp-json\/wp\/v2\/pages\/101\/revisions\/227"}],"wp:attachment":[{"href":"https:\/\/cassetjerem.com\/index.php\/wp-json\/wp\/v2\/media?parent=101"}],"curies":[{"name":"wp","href":"https:\/\/api.w.org\/{rel}","templated":true}]}}